{"id":61,"date":"2020-01-23T18:21:52","date_gmt":"2020-01-23T18:21:52","guid":{"rendered":"https:\/\/demosites.io\/web-agency-gb\/?page_id=61"},"modified":"2024-01-09T10:08:31","modified_gmt":"2024-01-09T16:08:31","slug":"15c42-web-agency-gb-about-us","status":"publish","type":"page","link":"https:\/\/publicidadimpresa.net\/index.php\/15c42-web-agency-gb-about-us\/","title":{"rendered":"Nosotros"},"content":{"rendered":"\n<div class=\"wp-block-cover alignfull\" style=\"min-height:300px;aspect-ratio:unset;\"><span aria-hidden=\"true\" class=\"wp-block-cover__background has-nv-site-bg-background-color has-background-dim-100 has-background-dim\"><\/span><div class=\"wp-block-cover__inner-container is-layout-flow wp-block-cover-is-layout-flow\">\n<div class=\"wp-block-group\"><div class=\"wp-block-group__inner-container is-layout-flow wp-block-group-is-layout-flow\">\n<h1 class=\"wp-block-heading has-text-align-left has-neve-text-color-color has-text-color\">NOSOTROS <\/h1>\n<\/div><\/div>\n<\/div><\/div>\n\n\n\n<div class=\"wp-block-cover alignfull\" style=\"min-height:600px;aspect-ratio:unset;\"><span aria-hidden=\"true\" class=\"wp-block-cover__background has-nv-light-bg-background-color has-background-dim-100 has-background-dim\"><\/span><div class=\"wp-block-cover__inner-container is-layout-flow wp-block-cover-is-layout-flow\">\n<div class=\"wp-block-group\"><div class=\"wp-block-group__inner-container is-layout-flow wp-block-group-is-layout-flow\">\n<div style=\"height:80px\" aria-hidden=\"true\" class=\"wp-block-spacer\"><\/div>\n\n\n\n<div class=\"wp-block-columns are-vertically-aligned-center has-neve-text-color-color has-text-color is-layout-flex wp-container-core-columns-is-layout-9d6595d7 wp-block-columns-is-layout-flex\">\n<div class=\"wp-block-column is-vertically-aligned-center is-layout-flow wp-block-column-is-layout-flow\" style=\"flex-basis:50%\">\n<figure class=\"wp-block-image size-large is-resized\"><img fetchpriority=\"high\" decoding=\"async\" width=\"2000\" height=\"2000\" src=\"https:\/\/publicidadimpresa.net\/wp-content\/uploads\/2023\/12\/IMPRENTA-01-2000x2000.png\" alt=\"\" class=\"wp-image-1098\" style=\"width:535px;height:auto\" srcset=\"https:\/\/publicidadimpresa.net\/wp-content\/uploads\/2023\/12\/IMPRENTA-01-2000x2000.png 2000w, https:\/\/publicidadimpresa.net\/wp-content\/uploads\/2023\/12\/IMPRENTA-01-1024x1024.png 1024w, https:\/\/publicidadimpresa.net\/wp-content\/uploads\/2023\/12\/IMPRENTA-01-300x300.png 300w, https:\/\/publicidadimpresa.net\/wp-content\/uploads\/2023\/12\/IMPRENTA-01-768x768.png 768w, https:\/\/publicidadimpresa.net\/wp-content\/uploads\/2023\/12\/IMPRENTA-01-1536x1536.png 1536w, https:\/\/publicidadimpresa.net\/wp-content\/uploads\/2023\/12\/IMPRENTA-01-2048x2048.png 2048w\" sizes=\"(max-width: 2000px) 100vw, 2000px\" \/><\/figure>\n<\/div>\n\n\n\n<div class=\"wp-block-column is-vertically-aligned-center is-layout-flow wp-block-column-is-layout-flow\" style=\"flex-basis:50%\">\n<h2 class=\"wp-block-heading has-neve-text-color-color has-text-color\">NUESTRO EQUIPO<\/h2>\n\n\n\n<p>Desde nuestro comienzo, hemos crecido gracias a la confianza y lealtad de nuestros clientes. Cada proyecto es un cap\u00edtulo en nuestra historia, y estamos emocionados de seguir escribiendo junto a aquellos que conf\u00edan en nosotros para dar vida a sus visiones.<\/p>\n\n\n\n<p>\u00danete a nosotros en este viaje creativo. Descubre c\u00f3mo podemos transformar tu marca y contar tu historia de una manera \u00fanica y memorable. En Arte y Dise\u00f1o, no solo dise\u00f1amos, creamos experiencias visuales que perduran.<\/p>\n\n\n\n<p><\/p>\n<\/div>\n<\/div>\n\n\n\n<div style=\"height:40px\" aria-hidden=\"true\" class=\"wp-block-spacer\"><\/div>\n<\/div><\/div>\n<\/div><\/div>\n\n\n\n<div class=\"wp-block-columns is-layout-flex wp-container-core-columns-is-layout-9d6595d7 wp-block-columns-is-layout-flex\">\n<div class=\"wp-block-column is-layout-flow wp-block-column-is-layout-flow\" style=\"flex-basis:33.33%\">\n<div style=\"height:190px\" aria-hidden=\"true\" class=\"wp-block-spacer\"><\/div>\n\n\n\n<h2 class=\"wp-block-heading has-nv-text-dark-bg-color has-text-color\">COMPROMISO<\/h2>\n\n\n\n<p class=\"has-nv-text-dark-bg-color has-text-color\">La calidad es nuestra firma. Utilizamos las \u00faltimas tecnolog\u00edas y tendencias del dise\u00f1o para garantizar que cada proyecto supere las expectativas. Nos esforzamos por mantenernos a la vanguardia de la industria y ofrecer resultados que inspiren y perduren.<\/p>\n<\/div>\n\n\n\n<div class=\"wp-block-column is-layout-flow wp-block-column-is-layout-flow\" style=\"flex-basis:66.66%\">\n<figure class=\"wp-block-image size-large is-resized\"><img decoding=\"async\" width=\"2000\" height=\"2000\" src=\"http:\/\/publicidadimpresa.net\/wp-content\/uploads\/2023\/12\/IMPRENTA-02-02-2000x2000.png\" alt=\"\" class=\"wp-image-1101\" style=\"width:675px;height:auto\" srcset=\"https:\/\/publicidadimpresa.net\/wp-content\/uploads\/2023\/12\/IMPRENTA-02-02-2000x2000.png 2000w, https:\/\/publicidadimpresa.net\/wp-content\/uploads\/2023\/12\/IMPRENTA-02-02-1024x1024.png 1024w, https:\/\/publicidadimpresa.net\/wp-content\/uploads\/2023\/12\/IMPRENTA-02-02-300x300.png 300w, https:\/\/publicidadimpresa.net\/wp-content\/uploads\/2023\/12\/IMPRENTA-02-02-768x768.png 768w, https:\/\/publicidadimpresa.net\/wp-content\/uploads\/2023\/12\/IMPRENTA-02-02-1536x1536.png 1536w, https:\/\/publicidadimpresa.net\/wp-content\/uploads\/2023\/12\/IMPRENTA-02-02-2048x2048.png 2048w\" sizes=\"(max-width: 2000px) 100vw, 2000px\" \/><\/figure>\n<\/div>\n<\/div>\n\n\n\n<div class=\"wp-block-columns is-layout-flex wp-container-core-columns-is-layout-9d6595d7 wp-block-columns-is-layout-flex\">\n<div class=\"wp-block-column is-layout-flow wp-block-column-is-layout-flow\">\n<div class=\"wp-block-columns is-layout-flex wp-container-core-columns-is-layout-9d6595d7 wp-block-columns-is-layout-flex\">\n<div class=\"wp-block-column ticss-4ce656f1 is-layout-flow wp-block-column-is-layout-flow\">\n<div style=\"height:24px\" aria-hidden=\"true\" class=\"wp-block-spacer\"><\/div>\n\n\n\n<p class=\"has-neve-text-color-color has-text-color\"><strong>MISI\u00d3N<\/strong><\/p>\n\n\n\n<p class=\"has-text-align-left has-neve-text-color-color has-text-color\">Trabajamos incansablemente para ofrecer soluciones de dise\u00f1o y publicidad que no solo resalten la singularidad de cada cliente, sino que tambi\u00e9n generen un impacto duradero. Creemos en la importancia de la creatividad aut\u00e9ntica y la atenci\u00f3n a los detalles.<\/p>\n<\/div>\n\n\n\n<div class=\"wp-block-column ticss-a5b4df29 is-layout-flow wp-block-column-is-layout-flow\">\n<div style=\"height:24px\" aria-hidden=\"true\" class=\"wp-block-spacer\"><\/div>\n\n\n\n<p class=\"has-neve-text-color-color has-text-color\"><strong>VALORES<\/strong><\/p>\n\n\n\n<p class=\"has-text-align-left has-neve-text-color-color has-text-color\">En nuestra empresa los valores fundamentales que gu\u00edan nuestras acciones y decisiones son la creatividad, la excelencia, la integridad y la colaboraci\u00f3n. Creemos en la importancia de fomentar un ambiente que inspire la innovaci\u00f3n y la originalidad.<\/p>\n\n\n\n<div style=\"height:20px\" aria-hidden=\"true\" class=\"wp-block-spacer\"><\/div>\n<\/div>\n\n\n\n<div class=\"wp-block-column ticss-f6fc7494 is-layout-flow wp-block-column-is-layout-flow\">\n<div style=\"height:24px\" aria-hidden=\"true\" class=\"wp-block-spacer\"><\/div>\n\n\n\n<p class=\"has-neve-text-color-color has-text-color\"><strong>VISI\u00d3N<\/strong><\/p>\n\n\n\n<p class=\"has-text-align-left has-neve-text-color-color has-text-color\">Buscamos ser un referente en el sector, impulsando el crecimiento de nuestros clientes a trav\u00e9s de estrategias visuales efectivas y destacadas. Aspiramos a ser una empresa que contribuye a la comunidad, adapt\u00e1ndose a las tendencias del mercado.<\/p>\n<\/div>\n<\/div>\n<\/div>\n<\/div>\n\n\n\n<div class=\"wp-block-cover aligncenter\" style=\"min-height:420px;aspect-ratio:unset;\"><span aria-hidden=\"true\" class=\"wp-block-cover__background has-nv-site-bg-background-color has-background-dim-100 has-background-dim\"><\/span><div class=\"wp-block-cover__inner-container is-layout-flow wp-block-cover-is-layout-flow\">\n<div style=\"height:80px\" aria-hidden=\"true\" class=\"wp-block-spacer\"><\/div>\n\n\n\n<div class=\"wp-block-columns is-layout-flex wp-container-core-columns-is-layout-9d6595d7 wp-block-columns-is-layout-flex\">\n<div class=\"wp-block-column ticss-4ce656f1 is-layout-flow wp-block-column-is-layout-flow\"><div class=\"wp-block-image icon-style is-style-rounded\">\n<figure class=\"aligncenter size-large is-resized\"><img decoding=\"async\" width=\"1024\" height=\"1024\" src=\"https:\/\/publicidadimpresa.net\/wp-content\/uploads\/2023\/12\/redes_Mesa-de-trabajo-1-1024x1024.jpg\" alt=\"\" class=\"wp-image-406\" style=\"width:77px;height:auto\" srcset=\"https:\/\/publicidadimpresa.net\/wp-content\/uploads\/2023\/12\/redes_Mesa-de-trabajo-1-1024x1024.jpg 1024w, https:\/\/publicidadimpresa.net\/wp-content\/uploads\/2023\/12\/redes_Mesa-de-trabajo-1-300x300.jpg 300w, https:\/\/publicidadimpresa.net\/wp-content\/uploads\/2023\/12\/redes_Mesa-de-trabajo-1-150x150.jpg 150w, https:\/\/publicidadimpresa.net\/wp-content\/uploads\/2023\/12\/redes_Mesa-de-trabajo-1-768x768.jpg 768w, https:\/\/publicidadimpresa.net\/wp-content\/uploads\/2023\/12\/redes_Mesa-de-trabajo-1.jpg 1182w\" sizes=\"(max-width: 1024px) 100vw, 1024px\" \/><\/figure>\n<\/div>\n\n\n<div style=\"height:24px\" aria-hidden=\"true\" class=\"wp-block-spacer\"><\/div>\n\n\n\n<h3 class=\"wp-block-heading has-text-align-center has-neve-text-color-color has-text-color\">CONTACTO<\/h3>\n\n\n\n<p class=\"has-text-align-center has-neve-text-color-color has-text-color\" style=\"font-size:15px\">55 1517 4699<\/p>\n\n\n\n<div style=\"height:20px\" aria-hidden=\"true\" class=\"wp-block-spacer\"><\/div>\n<\/div>\n\n\n\n<div class=\"wp-block-column ticss-f6fc7494 is-layout-flow wp-block-column-is-layout-flow\"><div class=\"wp-block-image icon-style is-style-rounded\">\n<figure class=\"aligncenter size-large is-resized\"><img loading=\"lazy\" decoding=\"async\" width=\"1024\" height=\"1024\" src=\"https:\/\/publicidadimpresa.net\/wp-content\/uploads\/2023\/12\/redes-03-1024x1024.jpg\" alt=\"\" class=\"wp-image-407\" style=\"width:75px;height:auto\" srcset=\"https:\/\/publicidadimpresa.net\/wp-content\/uploads\/2023\/12\/redes-03-1024x1024.jpg 1024w, https:\/\/publicidadimpresa.net\/wp-content\/uploads\/2023\/12\/redes-03-300x300.jpg 300w, https:\/\/publicidadimpresa.net\/wp-content\/uploads\/2023\/12\/redes-03-150x150.jpg 150w, https:\/\/publicidadimpresa.net\/wp-content\/uploads\/2023\/12\/redes-03-768x768.jpg 768w, https:\/\/publicidadimpresa.net\/wp-content\/uploads\/2023\/12\/redes-03.jpg 1182w\" sizes=\"(max-width: 1024px) 100vw, 1024px\" \/><\/figure>\n<\/div>\n\n\n<div style=\"height:24px\" aria-hidden=\"true\" class=\"wp-block-spacer\"><\/div>\n\n\n\n<h3 class=\"wp-block-heading has-text-align-center has-neve-text-color-color has-text-color\">HORARIOS<\/h3>\n\n\n\n<p class=\"has-text-align-center has-neve-text-color-color has-text-color\" style=\"font-size:15px\">9:00 AM &#8211; 6:00 PM<br>Lunes a Viernes<\/p>\n\n\n\n<div style=\"height:20px\" aria-hidden=\"true\" class=\"wp-block-spacer\"><\/div>\n<\/div>\n\n\n\n<div class=\"wp-block-column ticss-a5b4df29 is-layout-flow wp-block-column-is-layout-flow\"><div class=\"wp-block-image icon-style is-style-rounded\">\n<figure class=\"aligncenter size-large is-resized\"><img loading=\"lazy\" decoding=\"async\" width=\"1024\" height=\"1024\" src=\"https:\/\/publicidadimpresa.net\/wp-content\/uploads\/2023\/12\/redes-02-1024x1024.jpg\" alt=\"\" class=\"wp-image-408\" style=\"width:79px;height:auto\" srcset=\"https:\/\/publicidadimpresa.net\/wp-content\/uploads\/2023\/12\/redes-02-1024x1024.jpg 1024w, https:\/\/publicidadimpresa.net\/wp-content\/uploads\/2023\/12\/redes-02-300x300.jpg 300w, https:\/\/publicidadimpresa.net\/wp-content\/uploads\/2023\/12\/redes-02-150x150.jpg 150w, https:\/\/publicidadimpresa.net\/wp-content\/uploads\/2023\/12\/redes-02-768x768.jpg 768w, https:\/\/publicidadimpresa.net\/wp-content\/uploads\/2023\/12\/redes-02.jpg 1182w\" sizes=\"(max-width: 1024px) 100vw, 1024px\" \/><\/figure>\n<\/div>\n\n\n<div style=\"height:24px\" aria-hidden=\"true\" class=\"wp-block-spacer\"><\/div>\n\n\n\n<h3 class=\"wp-block-heading has-text-align-center has-neve-text-color-color has-text-color\">UBICACI\u00d3N<\/h3>\n\n\n\n<p class=\"has-text-align-center has-neve-text-color-color has-text-color\" style=\"font-size:15px\">San Emeterio Mz. 635 Lt. 20<br>Pedregal de Santa \u00darsula <br>Coyoac\u00e1n, C.P. 04600 CDMX <\/p>\n\n\n\n<div style=\"height:20px\" aria-hidden=\"true\" class=\"wp-block-spacer\"><\/div>\n<\/div>\n<\/div>\n\n\n\n<div style=\"height:30px\" aria-hidden=\"true\" class=\"wp-block-spacer\"><\/div>\n<\/div><\/div>\n","protected":false},"excerpt":{"rendered":"<p>COMPROMISO La calidad es nuestra firma. Utilizamos las \u00faltimas tecnolog\u00edas y tendencias del dise\u00f1o para garantizar que cada proyecto supere las expectativas. Nos esforzamos por mantenernos a la vanguardia de la industria y ofrecer resultados que inspiren y perduren. MISI\u00d3N Trabajamos incansablemente para ofrecer soluciones de dise\u00f1o y publicidad que no solo resalten la singularidad&hellip;&nbsp;<a href=\"https:\/\/publicidadimpresa.net\/index.php\/15c42-web-agency-gb-about-us\/\" rel=\"bookmark\">Leer m\u00e1s &raquo;<span class=\"screen-reader-text\">Nosotros<\/span><\/a><\/p>\n","protected":false},"author":1,"featured_media":0,"parent":0,"menu_order":0,"comment_status":"closed","ping_status":"closed","template":"","meta":{"om_disable_all_campaigns":false,"_uag_custom_page_level_css":"","_monsterinsights_skip_tracking":false,"_monsterinsights_sitenote_active":false,"_monsterinsights_sitenote_note":"","_monsterinsights_sitenote_category":0,"_uf_show_specific_survey":0,"_uf_disable_surveys":false,"neve_meta_sidebar":"default","neve_meta_container":"default","neve_meta_enable_content_width":"on","neve_meta_content_width":100,"neve_meta_title_alignment":"","neve_meta_author_avatar":"","neve_post_elements_order":"","neve_meta_disable_header":"","neve_meta_disable_footer":"","neve_meta_disable_title":"on","_themeisle_gutenberg_block_has_review":false,"footnotes":""},"class_list":["post-61","page","type-page","status-publish","hentry"],"aioseo_notices":[],"uagb_featured_image_src":{"full":false,"thumbnail":false,"medium":false,"medium_large":false,"large":false,"1536x1536":false,"2048x2048":false,"neve-blog":false},"uagb_author_info":{"display_name":"publicidadimpresa.net","author_link":"https:\/\/publicidadimpresa.net\/index.php\/author\/publicidadimpresa-net\/"},"uagb_comment_info":0,"uagb_excerpt":"COMPROMISO La calidad es nuestra firma. Utilizamos las \u00faltimas tecnolog\u00edas y tendencias del dise\u00f1o para garantizar que cada proyecto supere las expectativas. Nos esforzamos por mantenernos a la vanguardia de la industria y ofrecer resultados que inspiren y perduren. MISI\u00d3N Trabajamos incansablemente para ofrecer soluciones de dise\u00f1o y publicidad que no solo resalten la singularidad&hellip;&nbsp;Leer&hellip;","_links":{"self":[{"href":"https:\/\/publicidadimpresa.net\/index.php\/wp-json\/wp\/v2\/pages\/61","targetHints":{"allow":["GET"]}}],"collection":[{"href":"https:\/\/publicidadimpresa.net\/index.php\/wp-json\/wp\/v2\/pages"}],"about":[{"href":"https:\/\/publicidadimpresa.net\/index.php\/wp-json\/wp\/v2\/types\/page"}],"author":[{"embeddable":true,"href":"https:\/\/publicidadimpresa.net\/index.php\/wp-json\/wp\/v2\/users\/1"}],"replies":[{"embeddable":true,"href":"https:\/\/publicidadimpresa.net\/index.php\/wp-json\/wp\/v2\/comments?post=61"}],"version-history":[{"count":17,"href":"https:\/\/publicidadimpresa.net\/index.php\/wp-json\/wp\/v2\/pages\/61\/revisions"}],"predecessor-version":[{"id":1315,"href":"https:\/\/publicidadimpresa.net\/index.php\/wp-json\/wp\/v2\/pages\/61\/revisions\/1315"}],"wp:attachment":[{"href":"https:\/\/publicidadimpresa.net\/index.php\/wp-json\/wp\/v2\/media?parent=61"}],"curies":[{"name":"wp","href":"https:\/\/api.w.org\/{rel}","templated":true}]}}