{"id":693,"date":"2023-12-20T09:54:13","date_gmt":"2023-12-20T15:54:13","guid":{"rendered":"https:\/\/publicidadimpresa.net\/?page_id=693"},"modified":"2024-01-09T11:44:09","modified_gmt":"2024-01-09T17:44:09","slug":"promocionales","status":"publish","type":"page","link":"https:\/\/publicidadimpresa.net\/index.php\/promocionales\/","title":{"rendered":"Promocionales"},"content":{"rendered":"\n<div class=\"wp-block-cover alignfull\" style=\"min-height:252px;aspect-ratio:unset;\"><span aria-hidden=\"true\" class=\"wp-block-cover__background has-nv-site-bg-background-color has-background-dim-100 has-background-dim\"><\/span><div class=\"wp-block-cover__inner-container is-layout-flow wp-block-cover-is-layout-flow\">\n<div class=\"wp-block-group\"><div class=\"wp-block-group__inner-container is-layout-flow wp-block-group-is-layout-flow\">\n<div class=\"wp-block-columns are-vertically-aligned-center is-layout-flex wp-container-core-columns-is-layout-9d6595d7 wp-block-columns-is-layout-flex\">\n<div class=\"wp-block-column is-vertically-aligned-center is-layout-flow wp-block-column-is-layout-flow\" style=\"flex-basis:70%\">\n<h1 class=\"wp-block-heading has-text-align-left has-neve-text-color-color has-text-color\">PROMOCIONALES<\/h1>\n\n\n\n<p class=\"has-text-align-left has-neve-text-color-color has-text-color\">Env\u00edanos tus archivos para producci\u00f3n en .pdf o ai en curvas <br>o cu\u00e9ntanos tus ideas para brindarte atenci\u00f3n de dise\u00f1o.<\/p>\n<\/div>\n\n\n\n<div class=\"wp-block-column is-vertically-aligned-center is-layout-flow wp-block-column-is-layout-flow\" style=\"flex-basis:30%\"><\/div>\n<\/div>\n<\/div><\/div>\n<\/div><\/div>\n\n\n\n<div class=\"wp-block-cover alignfull\" style=\"min-height:1126px;aspect-ratio:unset;\"><span aria-hidden=\"true\" class=\"wp-block-cover__background has-nv-light-bg-background-color has-background-dim-100 has-background-dim\"><\/span><div class=\"wp-block-cover__inner-container is-layout-flow wp-block-cover-is-layout-flow\">\n<div class=\"wp-block-group\"><div class=\"wp-block-group__inner-container is-layout-flow wp-block-group-is-layout-flow\">\n<div class=\"wp-block-columns is-layout-flex wp-container-core-columns-is-layout-9d6595d7 wp-block-columns-is-layout-flex\">\n<div class=\"wp-block-column is-layout-flow wp-block-column-is-layout-flow\" style=\"flex-basis:100%\">\n<div class=\"wp-block-group alignfull\"><div class=\"wp-block-group__inner-container is-layout-constrained wp-block-group-is-layout-constrained\">\n<div class=\"wp-block-columns is-layout-flex wp-container-core-columns-is-layout-9d6595d7 wp-block-columns-is-layout-flex\">\n<div class=\"wp-block-column is-layout-flow wp-block-column-is-layout-flow\" style=\"flex-basis:66.66%\"><div class=\"wp-block-image\">\n<figure class=\"aligncenter size-large is-resized\"><img fetchpriority=\"high\" decoding=\"async\" width=\"3213\" height=\"3272\" src=\"https:\/\/publicidadimpresa.net\/wp-content\/uploads\/2023\/12\/prom-edited.png\" alt=\"\" class=\"wp-image-1086\" style=\"width:821px;height:auto\" srcset=\"https:\/\/publicidadimpresa.net\/wp-content\/uploads\/2023\/12\/prom-edited.png 3213w, https:\/\/publicidadimpresa.net\/wp-content\/uploads\/2023\/12\/prom-edited-1006x1024.png 1006w, https:\/\/publicidadimpresa.net\/wp-content\/uploads\/2023\/12\/prom-edited-1964x2000.png 1964w, https:\/\/publicidadimpresa.net\/wp-content\/uploads\/2023\/12\/prom-edited-768x782.png 768w, https:\/\/publicidadimpresa.net\/wp-content\/uploads\/2023\/12\/prom-edited-1508x1536.png 1508w, https:\/\/publicidadimpresa.net\/wp-content\/uploads\/2023\/12\/prom-edited-2011x2048.png 2011w\" sizes=\"(max-width: 3213px) 100vw, 3213px\" \/><\/figure>\n<\/div><\/div>\n\n\n\n<div class=\"wp-block-column is-layout-flow wp-block-column-is-layout-flow\" style=\"flex-basis:33.33%\">\n<p><\/p>\n\n\n\n<p><mark style=\"background-color:rgba(0, 0, 0, 0)\" class=\"has-inline-color has-custom-1-color\"><strong>\u2022<\/strong>\u00a0Calendarios<\/mark><\/p>\n\n\n\n<p><mark style=\"background-color:rgba(0, 0, 0, 0)\" class=\"has-inline-color has-custom-1-color\"><strong>\u2022<\/strong>\u00a0Llaveros<\/mark><\/p>\n\n\n\n<p><mark style=\"background-color:rgba(0, 0, 0, 0)\" class=\"has-inline-color has-custom-1-color\"><strong>\u2022<\/strong>\u00a0Imanes<\/mark><\/p>\n\n\n\n<p><mark style=\"background-color:rgba(0, 0, 0, 0)\" class=\"has-inline-color has-custom-1-color\"><strong>\u2022<\/strong>\u00a0Banner<\/mark><\/p>\n\n\n\n<p><mark style=\"background-color:rgba(0, 0, 0, 0)\" class=\"has-inline-color has-custom-1-color\"><strong>\u2022<\/strong>\u00a0Botones<\/mark><\/p>\n\n\n\n<p><mark style=\"background-color:rgba(0, 0, 0, 0)\" class=\"has-inline-color has-custom-1-color\"><strong>\u2022<\/strong>\u00a0Grabado Sand Blast<\/mark><\/p>\n\n\n\n<p><mark style=\"background-color:rgba(0, 0, 0, 0)\" class=\"has-inline-color has-custom-1-color\"><strong>\u2022<\/strong>\u00a0Bolsas<\/mark><\/p>\n\n\n\n<p><mark style=\"background-color:rgba(0, 0, 0, 0)\" class=\"has-inline-color has-custom-1-color\"><strong>\u2022<\/strong>\u00a0Credenciales PVC <\/mark><\/p>\n\n\n\n<p><mark style=\"background-color:rgba(0, 0, 0, 0)\" class=\"has-inline-color has-custom-1-color\"><strong>\u2022<\/strong>\u00a0Reconocimientos<\/mark><\/p>\n\n\n\n<p><mark style=\"background-color:rgba(0, 0, 0, 0)\" class=\"has-inline-color has-custom-1-color\"><strong>\u2022<\/strong>\u00a0Cordones para gafete<\/mark><\/p>\n\n\n\n<p><mark style=\"background-color:rgba(0, 0, 0, 0)\" class=\"has-inline-color has-custom-1-color\"><strong>\u2022<\/strong>\u00a0Libretas<\/mark><\/p>\n\n\n\n<p><mark style=\"background-color:rgba(0, 0, 0, 0)\" class=\"has-inline-color has-custom-1-color\"><strong>\u2022<\/strong> Bordados<\/mark><\/p>\n<\/div>\n<\/div>\n<\/div><\/div>\n<\/div>\n<\/div>\n<\/div><\/div>\n<\/div><\/div>\n\n\n\n<div class=\"wp-block-cover alignfull\" style=\"min-height:976px;aspect-ratio:unset;\"><span aria-hidden=\"true\" class=\"wp-block-cover__background has-nv-site-bg-background-color has-background-dim-100 has-background-dim\"><\/span><div class=\"wp-block-cover__inner-container is-layout-flow wp-block-cover-is-layout-flow\">\n<div class=\"wp-block-group\"><div class=\"wp-block-group__inner-container is-layout-flow wp-block-group-is-layout-flow\">\n<div style=\"height:0px\" aria-hidden=\"true\" class=\"wp-block-spacer\"><\/div>\n\n\n\n<div style=\"height:20px\" aria-hidden=\"true\" class=\"wp-block-spacer\"><\/div>\n\n\n\n<div class=\"wp-block-columns are-vertically-aligned-center is-layout-flex wp-container-core-columns-is-layout-9d6595d7 wp-block-columns-is-layout-flex\">\n<div class=\"wp-block-column is-vertically-aligned-center is-layout-flow wp-block-column-is-layout-flow\" style=\"flex-basis:50%\">\n<figure class=\"wp-block-image size-large\"><img decoding=\"async\" width=\"2228\" height=\"2294\" src=\"https:\/\/publicidadimpresa.net\/wp-content\/uploads\/2023\/12\/libreta-edited.jpg\" alt=\"\" class=\"wp-image-1076\" srcset=\"https:\/\/publicidadimpresa.net\/wp-content\/uploads\/2023\/12\/libreta-edited.jpg 2228w, https:\/\/publicidadimpresa.net\/wp-content\/uploads\/2023\/12\/libreta-edited-995x1024.jpg 995w, https:\/\/publicidadimpresa.net\/wp-content\/uploads\/2023\/12\/libreta-edited-1942x2000.jpg 1942w, https:\/\/publicidadimpresa.net\/wp-content\/uploads\/2023\/12\/libreta-edited-768x791.jpg 768w, https:\/\/publicidadimpresa.net\/wp-content\/uploads\/2023\/12\/libreta-edited-1492x1536.jpg 1492w, https:\/\/publicidadimpresa.net\/wp-content\/uploads\/2023\/12\/libreta-edited-1989x2048.jpg 1989w\" sizes=\"(max-width: 2228px) 100vw, 2228px\" \/><figcaption class=\"wp-element-caption\"><em><mark style=\"background-color:rgba(0, 0, 0, 0)\" class=\"has-inline-color has-custom-1-color\">Im\u00e1genes ilustrativas del producto.<\/mark><\/em><\/figcaption><\/figure>\n\n\n\n<div style=\"height:40px\" aria-hidden=\"true\" class=\"wp-block-spacer\"><\/div>\n<\/div>\n\n\n\n<div class=\"wp-block-column is-vertically-aligned-center is-layout-flow wp-block-column-is-layout-flow\" style=\"flex-basis:50%\">\n<figure class=\"wp-block-image size-large\"><img decoding=\"async\" width=\"2000\" height=\"1441\" src=\"https:\/\/publicidadimpresa.net\/wp-content\/uploads\/2023\/12\/9548679_172-2000x1441.png\" alt=\"\" class=\"wp-image-1072\" style=\"aspect-ratio:1;object-fit:cover\" srcset=\"https:\/\/publicidadimpresa.net\/wp-content\/uploads\/2023\/12\/9548679_172-2000x1441.png 2000w, https:\/\/publicidadimpresa.net\/wp-content\/uploads\/2023\/12\/9548679_172-1024x738.png 1024w, https:\/\/publicidadimpresa.net\/wp-content\/uploads\/2023\/12\/9548679_172-768x553.png 768w, https:\/\/publicidadimpresa.net\/wp-content\/uploads\/2023\/12\/9548679_172-1536x1107.png 1536w, https:\/\/publicidadimpresa.net\/wp-content\/uploads\/2023\/12\/9548679_172-2048x1476.png 2048w\" sizes=\"(max-width: 2000px) 100vw, 2000px\" \/><\/figure>\n\n\n\n<div style=\"height:40px\" aria-hidden=\"true\" class=\"wp-block-spacer\"><\/div>\n<\/div>\n<\/div>\n\n\n\n<div style=\"height:40px\" aria-hidden=\"true\" class=\"wp-block-spacer\"><\/div>\n<\/div><\/div>\n<\/div><\/div>\n\n\n\n<figure class=\"wp-block-image size-large\"><img loading=\"lazy\" decoding=\"async\" width=\"2000\" height=\"496\" src=\"http:\/\/publicidadimpresa.net\/wp-content\/uploads\/2024\/01\/portada-2000x496.jpg\" alt=\"\" class=\"wp-image-1283\" srcset=\"https:\/\/publicidadimpresa.net\/wp-content\/uploads\/2024\/01\/portada-2000x496.jpg 2000w, https:\/\/publicidadimpresa.net\/wp-content\/uploads\/2024\/01\/portada-1024x254.jpg 1024w, https:\/\/publicidadimpresa.net\/wp-content\/uploads\/2024\/01\/portada-768x190.jpg 768w, https:\/\/publicidadimpresa.net\/wp-content\/uploads\/2024\/01\/portada-1536x381.jpg 1536w, https:\/\/publicidadimpresa.net\/wp-content\/uploads\/2024\/01\/portada-2048x508.jpg 2048w\" sizes=\"(max-width: 2000px) 100vw, 2000px\" \/><\/figure>\n\n\n\n<div class=\"wp-block-uagb-container uagb-block-cc5c51fb alignfull uagb-is-root-container\"><div class=\"uagb-container-inner-blocks-wrap\">\n<div class=\"wp-block-uagb-container uagb-block-1a213733\"><div class=\"wp-block-image\">\n<figure class=\"aligncenter size-full is-resized\"><img loading=\"lazy\" decoding=\"async\" width=\"1103\" height=\"1345\" src=\"https:\/\/publicidadimpresa.net\/wp-content\/uploads\/2024\/01\/logo-web.jpg\" alt=\"\" class=\"wp-image-1284\" style=\"width:145px;height:auto\" srcset=\"https:\/\/publicidadimpresa.net\/wp-content\/uploads\/2024\/01\/logo-web.jpg 1103w, https:\/\/publicidadimpresa.net\/wp-content\/uploads\/2024\/01\/logo-web-840x1024.jpg 840w, https:\/\/publicidadimpresa.net\/wp-content\/uploads\/2024\/01\/logo-web-768x937.jpg 768w\" sizes=\"(max-width: 1103px) 100vw, 1103px\" \/><\/figure>\n<\/div><\/div>\n\n\n\n<div class=\"wp-block-uagb-container uagb-block-0535ad8b\">\n<p class=\"has-text-align-center\"><mark style=\"background-color:rgba(0, 0, 0, 0)\" class=\"has-inline-color has-custom-1-color\"><strong>\u00a1TU VISI\u00d3N, NUESTRA CREACI\u00d3N!<\/strong><\/mark><\/p>\n\n\n\n<p class=\"has-text-align-center\"><strong><mark style=\"background-color:rgba(0, 0, 0, 0)\" class=\"has-inline-color has-nv-c-2-color\">\u00a1D\u00e9janos ser tu socio creativo! Descubre c\u00f3mo nuestras soluciones de arte y dise\u00f1o pueden elevar tu presencia visual y contar tu historia de manera \u00fanica. Estamos aqu\u00ed para inspirar y crear contigo<\/mark><\/strong><mark style=\"background-color:rgba(0, 0, 0, 0)\" class=\"has-inline-color has-custom-1-color\">.<\/mark><\/p>\n<\/div>\n\n\n\n<div class=\"wp-block-uagb-container uagb-block-73ff9d20\">\n<p><strong><mark style=\"background-color:rgba(0, 0, 0, 0)\" class=\"has-inline-color has-custom-1-color\">CONTACTO<\/mark>:<\/strong><\/p>\n\n\n\n<p><strong>Tel\u00e9fono: <\/strong><br>55 1517 4699<\/p>\n\n\n\n<p><strong>Direcci\u00f3n: <\/strong><br>San Emeterio Mz. 635 Lt. 20 Pedregal de Santa \u00darsula, Coyoac\u00e1n, C.P. 04600, CDM<\/p>\n\n\n\n<p><strong>Correo:<\/strong><br>publicidadimpresarte@gmail.com<br>ventas@publicidadimpresa.net<\/p>\n<\/div>\n\n\n\n<div class=\"wp-block-uagb-container uagb-block-b4e9de3c\">\n<p><strong>VIS\u00cdTANOS: <\/strong><\/p>\n\n\n\n<iframe src=\"https:\/\/www.google.com\/maps\/embed?pb=!1m18!1m12!1m3!1d15062.132253868154!2d-99.15669625115243!3d19.302661675409787!2m3!1f0!2f0!3f0!3m2!1i1024!2i768!4f13.1!3m3!1m2!1s0x85ce0048c1e15ad9%3A0x6438e03b2446f8c8!2sArte%20y%20Dise%C3%B1o%20Creaciones%20Publicitarias!5e0!3m2!1ses-419!2smx!4v1704326327138!5m2!1ses-419!2smx\" width=\"300\" height=\"300\" style=\"border:0;\" allowfullscreen=\"\" loading=\"lazy\" referrerpolicy=\"no-referrer-when-downgrade\"><\/iframe>\n<\/div>\n<\/div><\/div>\n","protected":false},"excerpt":{"rendered":"<p>\u00a1TU VISI\u00d3N, NUESTRA CREACI\u00d3N! \u00a1D\u00e9janos ser tu socio creativo! Descubre c\u00f3mo nuestras soluciones de arte y dise\u00f1o pueden elevar tu presencia visual y contar tu historia de manera \u00fanica. Estamos aqu\u00ed para inspirar y crear contigo. CONTACTO: Tel\u00e9fono: 55 1517 4699 Direcci\u00f3n: San Emeterio Mz. 635 Lt. 20 Pedregal de Santa \u00darsula, Coyoac\u00e1n, C.P. 04600,&hellip;&nbsp;<a href=\"https:\/\/publicidadimpresa.net\/index.php\/promocionales\/\" rel=\"bookmark\">Leer m\u00e1s &raquo;<span class=\"screen-reader-text\">Promocionales<\/span><\/a><\/p>\n","protected":false},"author":1,"featured_media":0,"parent":0,"menu_order":0,"comment_status":"closed","ping_status":"closed","template":"","meta":{"om_disable_all_campaigns":false,"_uag_custom_page_level_css":"","_monsterinsights_skip_tracking":false,"_monsterinsights_sitenote_active":false,"_monsterinsights_sitenote_note":"","_monsterinsights_sitenote_category":0,"_uf_show_specific_survey":0,"_uf_disable_surveys":false,"neve_meta_sidebar":"default","neve_meta_container":"","neve_meta_enable_content_width":"on","neve_meta_content_width":100,"neve_meta_title_alignment":"","neve_meta_author_avatar":"","neve_post_elements_order":"","neve_meta_disable_header":"","neve_meta_disable_footer":"","neve_meta_disable_title":"on","_themeisle_gutenberg_block_has_review":false,"footnotes":""},"class_list":["post-693","page","type-page","status-publish","hentry"],"aioseo_notices":[],"uagb_featured_image_src":{"full":false,"thumbnail":false,"medium":false,"medium_large":false,"large":false,"1536x1536":false,"2048x2048":false,"neve-blog":false},"uagb_author_info":{"display_name":"publicidadimpresa.net","author_link":"https:\/\/publicidadimpresa.net\/index.php\/author\/publicidadimpresa-net\/"},"uagb_comment_info":0,"uagb_excerpt":"\u00a1TU VISI\u00d3N, NUESTRA CREACI\u00d3N! \u00a1D\u00e9janos ser tu socio creativo! Descubre c\u00f3mo nuestras soluciones de arte y dise\u00f1o pueden elevar tu presencia visual y contar tu historia de manera \u00fanica. Estamos aqu\u00ed para inspirar y crear contigo. CONTACTO: Tel\u00e9fono: 55 1517 4699 Direcci\u00f3n: San Emeterio Mz. 635 Lt. 20 Pedregal de Santa \u00darsula, Coyoac\u00e1n, C.P. 04600,&hellip;&nbsp;Leer&hellip;","_links":{"self":[{"href":"https:\/\/publicidadimpresa.net\/index.php\/wp-json\/wp\/v2\/pages\/693","targetHints":{"allow":["GET"]}}],"collection":[{"href":"https:\/\/publicidadimpresa.net\/index.php\/wp-json\/wp\/v2\/pages"}],"about":[{"href":"https:\/\/publicidadimpresa.net\/index.php\/wp-json\/wp\/v2\/types\/page"}],"author":[{"embeddable":true,"href":"https:\/\/publicidadimpresa.net\/index.php\/wp-json\/wp\/v2\/users\/1"}],"replies":[{"embeddable":true,"href":"https:\/\/publicidadimpresa.net\/index.php\/wp-json\/wp\/v2\/comments?post=693"}],"version-history":[{"count":14,"href":"https:\/\/publicidadimpresa.net\/index.php\/wp-json\/wp\/v2\/pages\/693\/revisions"}],"predecessor-version":[{"id":1321,"href":"https:\/\/publicidadimpresa.net\/index.php\/wp-json\/wp\/v2\/pages\/693\/revisions\/1321"}],"wp:attachment":[{"href":"https:\/\/publicidadimpresa.net\/index.php\/wp-json\/wp\/v2\/media?parent=693"}],"curies":[{"name":"wp","href":"https:\/\/api.w.org\/{rel}","templated":true}]}}